{"id":839,"date":"2023-03-12T15:26:25","date_gmt":"2023-03-12T14:26:25","guid":{"rendered":"http:\/\/www.voegeli-associati.ch\/?page_id=839"},"modified":"2024-12-28T10:12:08","modified_gmt":"2024-12-28T09:12:08","slug":"chi-siamo","status":"publish","type":"page","link":"https:\/\/www.voegeli-associati.ch\/?page_id=839","title":{"rendered":"Chi siamo"},"content":{"rendered":"<p><div class=\"fusion-fullwidth fullwidth-box fusion-builder-row-1 fusion-flex-container has-pattern-background has-mask-background nonhundred-percent-fullwidth non-hundred-percent-height-scrolling\" style=\"--awb-border-radius-top-left:0px;--awb-border-radius-top-right:0px;--awb-border-radius-bottom-right:0px;--awb-border-radius-bottom-left:0px;--awb-padding-top:52px;--awb-padding-right:150px;--awb-padding-bottom:100px;--awb-padding-left:150px;--awb-padding-right-small:36px;--awb-padding-left-small:36px;--awb-margin-bottom:0px;--awb-background-size:cover;--awb-flex-wrap:wrap;\" ><div class=\"fusion-builder-row fusion-row fusion-flex-align-items-flex-start fusion-flex-justify-content-center fusion-flex-content-wrap\" style=\"max-width:104%;margin-left: calc(-4% \/ 2 );margin-right: calc(-4% \/ 2 );\"><div class=\"fusion-layout-column fusion_builder_column fusion-builder-column-0 fusion_builder_column_2_3 2_3 fusion-flex-column\" style=\"--awb-bg-size:cover;--awb-width-large:66.666666666667%;--awb-margin-top-large:0px;--awb-spacing-right-large:2.88%;--awb-margin-bottom-large:20px;--awb-spacing-left-large:2.88%;--awb-width-medium:100%;--awb-order-medium:0;--awb-spacing-right-medium:1.92%;--awb-spacing-left-medium:1.92%;--awb-width-small:100%;--awb-order-small:0;--awb-spacing-right-small:1.92%;--awb-spacing-left-small:1.92%;\"><div class=\"fusion-column-wrapper fusion-column-has-shadow fusion-flex-justify-content-flex-start fusion-content-layout-column\"><div class=\"fusion-text fusion-text-1\" style=\"--awb-font-size:var(--awb-typography4-font-size);--awb-line-height:var(--awb-typography4-line-height);--awb-letter-spacing:var(--awb-typography4-letter-spacing);--awb-text-transform:var(--awb-typography4-text-transform);--awb-text-font-family:var(--awb-typography4-font-family);--awb-text-font-weight:var(--awb-typography4-font-weight);--awb-text-font-style:var(--awb-typography4-font-style);\"><p>lo studio d\u2019architettura v\u00f6geli &#8211; associati nasce nel 2022 per dare continuit\u00e0 e rinnovamento allo studio fondato da franco v\u00f6geli nel 1984.<\/p>\n<p>il nuovo organigramma e le esperienze maturate dai singoli nei vari settori, consentono di sviluppare una progettazione di qualit\u00e0 su ogni tema, assicurando un ottima capacit\u00e0 di pianificazione e di gestione degli interventi da realizzare. un costante aggiornamento sulla tendenza dell\u2019architettura, sulle tecniche di costruzione e su supporti per la progettazione, rende la struttura dello studio efficiente e dinamica.<\/p>\n<\/div><\/div><\/div><\/div><\/div><div class=\"fusion-bg-parallax\" data-bg-align=\"center center\" data-direction=\"up\" data-mute=\"false\" data-opacity=\"100\" data-velocity=\"-0.3\" data-mobile-enabled=\"false\" data-break_parents=\"0\" data-bg-image=\"http:\/\/www.voegeli-associati.ch\/wp-content\/uploads\/2024\/10\/charlesdeluvio-Lks7vei-eAg-unsplash-1.jpg\" data-bg-repeat=\"false\" ><\/div><div class=\"fusion-fullwidth fullwidth-box fusion-builder-row-2 fusion-flex-container has-pattern-background has-mask-background fusion-parallax-up nonhundred-percent-fullwidth non-hundred-percent-height-scrolling lazyload\" style=\"--awb-border-radius-top-left:0px;--awb-border-radius-top-right:0px;--awb-border-radius-bottom-right:0px;--awb-border-radius-bottom-left:0px;--awb-padding-bottom:353px;--awb-margin-bottom:0px;--awb-min-height:300px;--awb-background-size:cover;--awb-flex-wrap:wrap;\" data-bg=\"http:\/\/www.voegeli-associati.ch\/wp-content\/uploads\/2024\/10\/charlesdeluvio-Lks7vei-eAg-unsplash-1.jpg\" ><div class=\"fusion-builder-row fusion-row fusion-flex-align-items-flex-start fusion-flex-content-wrap\" style=\"max-width:104%;margin-left: calc(-4% \/ 2 );margin-right: calc(-4% \/ 2 );\"><\/div><\/div><div class=\"fusion-fullwidth fullwidth-box fusion-builder-row-3 fusion-flex-container has-pattern-background has-mask-background nonhundred-percent-fullwidth non-hundred-percent-height-scrolling\" style=\"--awb-border-radius-top-left:0px;--awb-border-radius-top-right:0px;--awb-border-radius-bottom-right:0px;--awb-border-radius-bottom-left:0px;--awb-padding-top:52px;--awb-padding-right:150px;--awb-padding-bottom:100px;--awb-padding-left:150px;--awb-padding-right-small:36px;--awb-padding-left-small:36px;--awb-margin-bottom:0px;--awb-background-size:cover;--awb-flex-wrap:wrap;\" ><div class=\"fusion-builder-row fusion-row fusion-flex-align-items-flex-start fusion-flex-content-wrap\" style=\"max-width:104%;margin-left: calc(-4% \/ 2 );margin-right: calc(-4% \/ 2 );\"><div class=\"fusion-layout-column fusion_builder_column fusion-builder-column-1 fusion_builder_column_1_1 1_1 fusion-flex-column\" style=\"--awb-bg-size:cover;--awb-width-large:100%;--awb-margin-top-large:0px;--awb-spacing-right-large:1.92%;--awb-margin-bottom-large:0px;--awb-spacing-left-large:1.92%;--awb-width-medium:100%;--awb-order-medium:0;--awb-spacing-right-medium:1.92%;--awb-spacing-left-medium:1.92%;--awb-width-small:100%;--awb-order-small:0;--awb-spacing-right-small:1.92%;--awb-spacing-left-small:1.92%;\" data-scroll-devices=\"small-visibility,medium-visibility,large-visibility\"><div class=\"fusion-column-wrapper fusion-column-has-shadow fusion-flex-justify-content-flex-start fusion-content-layout-column\"><div class=\"fusion-title title fusion-title-1 sep-underline sep-solid fusion-title-text fusion-title-size-one\" style=\"--awb-margin-bottom:0px;--awb-font-size:var(--awb-typography4-font-size);\"><h1 class=\"fusion-title-heading title-heading-left fusion-responsive-typography-calculated\" style=\"font-family:var(--awb-typography4-font-family);font-weight:var(--awb-typography4-font-weight);font-style:var(--awb-typography4-font-style);margin:0;font-size:1em;letter-spacing:var(--awb-typography4-letter-spacing);text-transform:uppercase;--fontSize:23;--minFontSize:23;line-height:var(--awb-typography4-line-height);\">Titolari<\/h1><\/div><\/div><\/div><div class=\"fusion-layout-column fusion_builder_column fusion-builder-column-2 fusion_builder_column_1_2 1_2 fusion-flex-column\" style=\"--awb-padding-bottom:10px;--awb-bg-size:cover;--awb-width-large:50%;--awb-margin-top-large:0px;--awb-spacing-right-large:3.84%;--awb-margin-bottom-large:20px;--awb-spacing-left-large:3.84%;--awb-width-medium:100%;--awb-order-medium:0;--awb-spacing-right-medium:1.92%;--awb-spacing-left-medium:1.92%;--awb-width-small:100%;--awb-order-small:0;--awb-spacing-right-small:1.92%;--awb-spacing-left-small:1.92%;\" data-scroll-devices=\"small-visibility,medium-visibility,large-visibility\"><div class=\"fusion-column-wrapper fusion-column-has-shadow fusion-flex-justify-content-flex-start fusion-content-layout-column\"><div class=\"fusion-title title fusion-title-2 fusion-sep-none fusion-title-text fusion-title-size-paragraph\" style=\"--awb-margin-bottom:0px;--awb-font-size:1.5em;\"><p class=\"fusion-title-heading title-heading-left title-heading-tag fusion-responsive-typography-calculated\" style=\"font-family:&quot;Futura Medium&quot;;font-style:normal;font-weight:400;margin:0;font-size:1em;text-transform:lowercase;--fontSize:34.5;line-height:var(--awb-typography4-line-height);\">franco v\u00f6geli<\/p><\/div><div class=\"fusion-text fusion-text-2\" style=\"--awb-font-size:var(--awb-typography4-font-size);--awb-line-height:var(--awb-typography4-line-height);--awb-letter-spacing:var(--awb-typography4-letter-spacing);--awb-text-transform:var(--awb-typography4-text-transform);--awb-margin-top:0px;--awb-text-font-family:var(--awb-typography4-font-family);--awb-text-font-weight:var(--awb-typography4-font-weight);--awb-text-font-style:var(--awb-typography4-font-style);\"><p class=\"fusion-responsive-typography-calculated\" style=\"--fontsize: 32; line-height: 1.33;\" data-fontsize=\"32\" data-lineheight=\"42.56px\"><span style=\"color: var(--awb-text-color); font-family: var(--awb-text-font-family); font-size: var(--awb-font-size); font-style: var(--awb-text-font-style); font-weight: var(--awb-text-font-weight); letter-spacing: var(--awb-letter-spacing); text-align: var(--awb-content-alignment); text-transform: var(--awb-text-transform); background-color: var(--awb-bg-color-hover);\">architetto htl\/otia<br \/>\n<\/span>Presidente centrale <a href=\"www.csea.ch\">csea<\/a> (Colle\u0300ge Suisse des Experts Architectes)<br \/>\nPerito giudiziario<br \/>\nPerito degli immobili locativi per il comune di Lugano &#8211; circ. 8<\/p>\n<\/div><\/div><\/div><div class=\"fusion-layout-column fusion_builder_column fusion-builder-column-3 fusion_builder_column_1_2 1_2 fusion-flex-column\" style=\"--awb-bg-size:cover;--awb-width-large:50%;--awb-margin-top-large:0px;--awb-spacing-right-large:3.84%;--awb-margin-bottom-large:20px;--awb-spacing-left-large:3.84%;--awb-width-medium:100%;--awb-order-medium:0;--awb-spacing-right-medium:1.92%;--awb-spacing-left-medium:1.92%;--awb-width-small:100%;--awb-order-small:0;--awb-spacing-right-small:1.92%;--awb-spacing-left-small:1.92%;\"><div class=\"fusion-column-wrapper fusion-column-has-shadow fusion-flex-justify-content-flex-start fusion-content-layout-column\"><div class=\"fusion-title title fusion-title-3 fusion-sep-none fusion-title-text fusion-title-size-paragraph\" style=\"--awb-margin-bottom:0px;--awb-font-size:1.5em;\"><p class=\"fusion-title-heading title-heading-left title-heading-tag fusion-responsive-typography-calculated\" style=\"font-family:&quot;Futura Medium&quot;;font-style:normal;font-weight:400;margin:0;font-size:1em;text-transform:lowercase;--fontSize:34.5;line-height:var(--awb-typography4-line-height);\">luigi moro<\/p><\/div><div class=\"fusion-text fusion-text-3\" style=\"--awb-font-size:var(--awb-typography4-font-size);--awb-line-height:var(--awb-typography4-line-height);--awb-letter-spacing:var(--awb-typography4-letter-spacing);--awb-text-transform:var(--awb-typography4-text-transform);--awb-margin-top:0px;--awb-text-font-family:var(--awb-typography4-font-family);--awb-text-font-weight:var(--awb-typography4-font-weight);--awb-text-font-style:var(--awb-typography4-font-style);\"><p class=\"fusion-responsive-typography-calculated\" style=\"--fontsize: 32; line-height: 1.33;\" data-fontsize=\"32\" data-lineheight=\"42.56px\">architetto polimi<\/p>\n<\/div><div class=\"fusion-text fusion-text-4\" style=\"--awb-font-size:var(--awb-typography4-font-size);--awb-line-height:var(--awb-typography4-line-height);--awb-letter-spacing:var(--awb-typography4-letter-spacing);--awb-text-transform:var(--awb-typography4-text-transform);--awb-text-font-family:var(--awb-typography4-font-family);--awb-text-font-weight:var(--awb-typography4-font-weight);--awb-text-font-style:var(--awb-typography4-font-style);\"><\/div><\/div><\/div><div class=\"fusion-layout-column fusion_builder_column fusion-builder-column-4 fusion_builder_column_1_3 1_3 fusion-flex-column\" style=\"--awb-bg-size:cover;--awb-width-large:33.333333333333%;--awb-margin-top-large:12px;--awb-spacing-right-large:5.76%;--awb-margin-bottom-large:20px;--awb-spacing-left-large:5.76%;--awb-width-medium:100%;--awb-order-medium:0;--awb-spacing-right-medium:1.92%;--awb-spacing-left-medium:1.92%;--awb-width-small:100%;--awb-order-small:0;--awb-spacing-right-small:1.92%;--awb-spacing-left-small:1.92%;\"><div class=\"fusion-column-wrapper fusion-column-has-shadow fusion-flex-justify-content-flex-start fusion-content-layout-column\"><div class=\"fusion-title title fusion-title-4 sep-underline sep-solid fusion-title-text fusion-title-size-one\" style=\"--awb-margin-bottom:0px;--awb-font-size:var(--awb-typography4-font-size);\"><h1 class=\"fusion-title-heading title-heading-left fusion-responsive-typography-calculated\" style=\"font-family:var(--awb-typography1-font-family);font-weight:var(--awb-typography1-font-weight);font-style:var(--awb-typography1-font-style);margin:0;font-size:1em;letter-spacing:var(--awb-typography4-letter-spacing);text-transform:uppercase;--fontSize:23;--minFontSize:23;line-height:var(--awb-typography4-line-height);\">architetti<\/h1><\/div><div class=\"fusion-text fusion-text-5 fusion-text-no-margin\" style=\"--awb-font-size:var(--awb-typography4-font-size);--awb-line-height:var(--awb-typography4-line-height);--awb-letter-spacing:var(--awb-typography4-letter-spacing);--awb-text-transform:lowercase;--awb-margin-bottom:0px;--awb-text-font-family:&quot;Futura Medium&quot;;--awb-text-font-style:normal;--awb-text-font-weight:400;\"><p>ferreira Jessica<\/p>\n<\/div><div class=\"fusion-text fusion-text-6\" style=\"--awb-font-size:var(--awb-typography4-font-size);--awb-line-height:var(--awb-typography4-line-height);--awb-letter-spacing:var(--awb-typography4-letter-spacing);--awb-text-transform:lowercase;--awb-text-font-family:&quot;Futura Book&quot;;--awb-text-font-style:normal;--awb-text-font-weight:400;\"><p>architetto aam<\/p>\n<\/div><div class=\"fusion-text fusion-text-7 fusion-text-no-margin\" style=\"--awb-font-size:var(--awb-typography4-font-size);--awb-line-height:var(--awb-typography4-line-height);--awb-letter-spacing:var(--awb-typography4-letter-spacing);--awb-text-transform:lowercase;--awb-margin-bottom:0px;--awb-text-font-family:&quot;Futura Medium&quot;;--awb-text-font-style:normal;--awb-text-font-weight:400;\"><p>Belcastro Marta<\/p>\n<\/div><div class=\"fusion-text fusion-text-8\" style=\"--awb-font-size:var(--awb-typography4-font-size);--awb-line-height:var(--awb-typography4-line-height);--awb-letter-spacing:var(--awb-typography4-letter-spacing);--awb-text-transform:lowercase;--awb-text-font-family:&quot;Futura Book&quot;;--awb-text-font-style:normal;--awb-text-font-weight:400;\"><p>Architetto POLIMI<\/p>\n<\/div><\/div><\/div><div class=\"fusion-layout-column fusion_builder_column fusion-builder-column-5 fusion_builder_column_1_3 1_3 fusion-flex-column\" style=\"--awb-bg-size:cover;--awb-width-large:33.333333333333%;--awb-margin-top-large:12px;--awb-spacing-right-large:5.76%;--awb-margin-bottom-large:20px;--awb-spacing-left-large:5.76%;--awb-width-medium:100%;--awb-order-medium:0;--awb-spacing-right-medium:1.92%;--awb-spacing-left-medium:1.92%;--awb-width-small:100%;--awb-order-small:0;--awb-spacing-right-small:1.92%;--awb-spacing-left-small:1.92%;\"><div class=\"fusion-column-wrapper fusion-column-has-shadow fusion-flex-justify-content-flex-start fusion-content-layout-column\"><div class=\"fusion-title title fusion-title-5 sep-underline sep-solid fusion-title-text fusion-title-size-one\" style=\"--awb-margin-bottom:0px;--awb-font-size:var(--awb-typography4-font-size);\"><h1 class=\"fusion-title-heading title-heading-left fusion-responsive-typography-calculated\" style=\"font-family:var(--awb-typography4-font-family);font-weight:var(--awb-typography4-font-weight);font-style:var(--awb-typography4-font-style);margin:0;font-size:1em;letter-spacing:var(--awb-typography4-letter-spacing);text-transform:uppercase;--fontSize:23;--minFontSize:23;line-height:var(--awb-typography4-line-height);\">tecnici edili \/ disegnatori<\/h1><\/div><div class=\"fusion-text fusion-text-9 fusion-text-no-margin\" style=\"--awb-font-size:var(--awb-typography4-font-size);--awb-line-height:var(--awb-typography4-line-height);--awb-letter-spacing:var(--awb-typography4-letter-spacing);--awb-text-transform:lowercase;--awb-margin-bottom:0px;--awb-text-font-family:&quot;Futura Medium&quot;;--awb-text-font-style:normal;--awb-text-font-weight:400;\"><p>Barazzotto Marco<\/p>\n<\/div><div class=\"fusion-text fusion-text-10\" style=\"--awb-font-size:var(--awb-typography4-font-size);--awb-line-height:var(--awb-typography4-line-height);--awb-letter-spacing:var(--awb-typography4-letter-spacing);--awb-text-transform:lowercase;--awb-text-font-family:&quot;Futura Book&quot;;--awb-text-font-style:normal;--awb-text-font-weight:400;\"><p>tecnico edile<\/p>\n<\/div><div class=\"fusion-text fusion-text-11 fusion-text-no-margin\" style=\"--awb-font-size:var(--awb-typography4-font-size);--awb-line-height:var(--awb-typography4-line-height);--awb-letter-spacing:var(--awb-typography4-letter-spacing);--awb-text-transform:lowercase;--awb-margin-bottom:0px;--awb-text-font-family:&quot;Futura Medium&quot;;--awb-text-font-style:normal;--awb-text-font-weight:400;\"><p>Dotesio Stefano<\/p>\n<\/div><div class=\"fusion-text fusion-text-12\" style=\"--awb-font-size:var(--awb-typography4-font-size);--awb-line-height:var(--awb-typography4-line-height);--awb-letter-spacing:var(--awb-typography4-letter-spacing);--awb-text-transform:lowercase;--awb-text-font-family:&quot;Futura Book&quot;;--awb-text-font-style:normal;--awb-text-font-weight:400;\"><p>Disegnatore AFC<\/p>\n<\/div><div class=\"fusion-text fusion-text-13 fusion-text-no-margin\" style=\"--awb-font-size:var(--awb-typography4-font-size);--awb-line-height:var(--awb-typography4-line-height);--awb-letter-spacing:var(--awb-typography4-letter-spacing);--awb-text-transform:lowercase;--awb-margin-bottom:0px;--awb-text-font-family:&quot;Futura Medium&quot;;--awb-text-font-style:normal;--awb-text-font-weight:400;\"><p>Sanfilippo Luna<\/p>\n<\/div><div class=\"fusion-text fusion-text-14\" style=\"--awb-font-size:var(--awb-typography4-font-size);--awb-line-height:var(--awb-typography4-line-height);--awb-letter-spacing:var(--awb-typography4-letter-spacing);--awb-text-transform:lowercase;--awb-text-font-family:&quot;Futura Book&quot;;--awb-text-font-style:normal;--awb-text-font-weight:400;\"><p>Disegnatrice AFC<\/p>\n<\/div><\/div><\/div><div class=\"fusion-layout-column fusion_builder_column fusion-builder-column-6 fusion_builder_column_1_3 1_3 fusion-flex-column\" style=\"--awb-bg-size:cover;--awb-width-large:33.333333333333%;--awb-margin-top-large:12px;--awb-spacing-right-large:5.76%;--awb-margin-bottom-large:20px;--awb-spacing-left-large:5.76%;--awb-width-medium:100%;--awb-order-medium:0;--awb-spacing-right-medium:1.92%;--awb-spacing-left-medium:1.92%;--awb-width-small:100%;--awb-order-small:0;--awb-spacing-right-small:1.92%;--awb-spacing-left-small:1.92%;\"><div class=\"fusion-column-wrapper fusion-column-has-shadow fusion-flex-justify-content-flex-start fusion-content-layout-column\"><div class=\"fusion-title title fusion-title-6 sep-underline sep-solid fusion-title-text fusion-title-size-one\" style=\"--awb-margin-bottom:0px;--awb-font-size:var(--awb-typography4-font-size);\"><h1 class=\"fusion-title-heading title-heading-left fusion-responsive-typography-calculated\" style=\"font-family:var(--awb-typography4-font-family);font-weight:var(--awb-typography4-font-weight);font-style:var(--awb-typography4-font-style);margin:0;font-size:1em;letter-spacing:var(--awb-typography4-letter-spacing);text-transform:uppercase;--fontSize:23;--minFontSize:23;line-height:var(--awb-typography4-line-height);\">apprendisti disegnatori<\/h1><\/div><div class=\"fusion-text fusion-text-15\" style=\"--awb-font-size:var(--awb-typography4-font-size);--awb-line-height:var(--awb-typography4-line-height);--awb-letter-spacing:var(--awb-typography4-letter-spacing);--awb-text-transform:lowercase;--awb-text-font-family:var(--awb-typography4-font-family);--awb-text-font-weight:var(--awb-typography4-font-weight);--awb-text-font-style:var(--awb-typography4-font-style);\"><p>formazione continua<\/p>\n<\/div><div class=\"fusion-image-element \" style=\"--awb-aspect-ratio:1 \/ 1;--awb-max-width:200px;--awb-caption-title-font-family:var(--h2_typography-font-family);--awb-caption-title-font-weight:var(--h2_typography-font-weight);--awb-caption-title-font-style:var(--h2_typography-font-style);--awb-caption-title-size:var(--h2_typography-font-size);--awb-caption-title-transform:var(--h2_typography-text-transform);--awb-caption-title-line-height:var(--h2_typography-line-height);--awb-caption-title-letter-spacing:var(--h2_typography-letter-spacing);\"><div style=\"display:inline-block;width:200px;\"><span class=\" fusion-imageframe imageframe-none imageframe-1 hover-type-none has-aspect-ratio\"><img decoding=\"async\" width=\"413\" height=\"413\" title=\"079081605_SBFI_Sticker_RZ_35mm_170302_1\" src=\"https:\/\/www.voegeli-associati.ch\/wp-content\/uploads\/2024\/09\/079081605_SBFI_Sticker_RZ_35mm_170302_1-1.png\" data-orig-src=\"http:\/\/www.voegeli-associati.ch\/wp-content\/uploads\/2024\/09\/079081605_SBFI_Sticker_RZ_35mm_170302_1-1.png\" class=\"lazyload img-responsive wp-image-1707 img-with-aspect-ratio\" alt srcset=\"data:image\/svg+xml,%3Csvg%20xmlns%3D%27http%3A%2F%2Fwww.w3.org%2F2000%2Fsvg%27%20width%3D%27413%27%20height%3D%27413%27%20viewBox%3D%270%200%20413%20413%27%3E%3Crect%20width%3D%27413%27%20height%3D%27413%27%20fill-opacity%3D%220%22%2F%3E%3C%2Fsvg%3E\" data-srcset=\"https:\/\/www.voegeli-associati.ch\/wp-content\/uploads\/2024\/09\/079081605_SBFI_Sticker_RZ_35mm_170302_1-1-200x200.png 200w, https:\/\/www.voegeli-associati.ch\/wp-content\/uploads\/2024\/09\/079081605_SBFI_Sticker_RZ_35mm_170302_1-1-400x400.png 400w, https:\/\/www.voegeli-associati.ch\/wp-content\/uploads\/2024\/09\/079081605_SBFI_Sticker_RZ_35mm_170302_1-1.png 413w\" data-sizes=\"auto\" data-orig-sizes=\"(max-width: 800px) 100vw, (max-width: 640px) 100vw, 413px\" \/><\/span><\/div><\/div><\/div><\/div><\/div><\/div><\/p>\n","protected":false},"excerpt":{"rendered":"","protected":false},"author":1,"featured_media":0,"parent":0,"menu_order":0,"comment_status":"closed","ping_status":"closed","template":"100-width.php","meta":{"_themeisle_gutenberg_block_has_review":false,"footnotes":""},"class_list":["post-839","page","type-page","status-publish","hentry"],"_links":{"self":[{"href":"https:\/\/www.voegeli-associati.ch\/index.php?rest_route=\/wp\/v2\/pages\/839","targetHints":{"allow":["GET"]}}],"collection":[{"href":"https:\/\/www.voegeli-associati.ch\/index.php?rest_route=\/wp\/v2\/pages"}],"about":[{"href":"https:\/\/www.voegeli-associati.ch\/index.php?rest_route=\/wp\/v2\/types\/page"}],"author":[{"embeddable":true,"href":"https:\/\/www.voegeli-associati.ch\/index.php?rest_route=\/wp\/v2\/users\/1"}],"replies":[{"embeddable":true,"href":"https:\/\/www.voegeli-associati.ch\/index.php?rest_route=%2Fwp%2Fv2%2Fcomments&post=839"}],"version-history":[{"count":27,"href":"https:\/\/www.voegeli-associati.ch\/index.php?rest_route=\/wp\/v2\/pages\/839\/revisions"}],"predecessor-version":[{"id":1712,"href":"https:\/\/www.voegeli-associati.ch\/index.php?rest_route=\/wp\/v2\/pages\/839\/revisions\/1712"}],"wp:attachment":[{"href":"https:\/\/www.voegeli-associati.ch\/index.php?rest_route=%2Fwp%2Fv2%2Fmedia&parent=839"}],"curies":[{"name":"wp","href":"https:\/\/api.w.org\/{rel}","templated":true}]}}